{"id":522,"date":"2021-07-15T09:54:26","date_gmt":"2021-07-15T13:54:26","guid":{"rendered":"http:\/\/ayuntamientovallejuelo.gob.do\/transparencia\/?page_id=522"},"modified":"2021-07-15T09:54:26","modified_gmt":"2021-07-15T13:54:26","slug":"acceso-al-311","status":"publish","type":"page","link":"https:\/\/ayuntamientovallejuelo.gob.do\/transparencia\/acceso-al-311\/","title":{"rendered":"Acceso al 311"},"content":{"rendered":"<h3>\u00bfQu\u00e9 es el 3-1-1?<\/h3>\n<p>El Sistema 3-1-1 tiene por finalidad permitirle al Ciudadano registrar Denuncias, Quejas, Reclamaciones y Sugerencias a cualquier entidad o servidor del Gobierno de la Rep\u00fablica Dominicana, para que las mismas puedan ser canalizadas a los organismos correspondientes.<\/p>\n<p>El sistema 3-1-1 cuenta con dos modalidades de servicio:<\/p>\n<p><strong>V\u00eda Telef\u00f3nica:\u00a0<\/strong>Puedes marcar 3-1-1 a trav\u00e9s de una l\u00ednea fija o m\u00f3vil, de manera gratuita, desde cualquier parte del pa\u00eds y as\u00ed te pondr\u00e1s en contacto con un representante especialmente entrenado para capturar tu denuncia, queja o reclamaci\u00f3n.<\/p>\n<p><strong>V\u00eda Internet:\u00a0<\/strong>A trav\u00e9s del portal de Internet www.311.gob.do puedes registrar personalmente tu denuncia, queja, reclamaci\u00f3n o sugerencia de manera f\u00e1cil y r\u00e1pida con s\u00f3lo llenar los formularios correspondientes.<\/p>\n<div class=\"button_align align_center\"><a class=\"button  button_full_width button_size_4 button_js\" href=\"http:\/\/311.gob.do\/\" target=\"_blank\" rel=\"noopener\"><span class=\"button_label\">Acceso al portal 311 sobre Quejas, Reclamaciones, Sugerencias y Denuncias<\/span><\/a><\/div>\n","protected":false},"excerpt":{"rendered":"\u00bfQu\u00e9 es el 3-1-1? El Sistema 3-1-1 tiene por finalidad permitirle al Ciudadano registrar Denuncias, Quejas, Reclamaciones y Sugerencias a cualquier entidad o servidor del Gobierno de la Rep\u00fablica Dominicana, para que las mismas puedan ser canalizadas a los organismos correspondientes. El sistema 3-1-1 cuenta con dos modalidades de servicio: V\u00eda Telef\u00f3nica:\u00a0Puedes marcar 3-1-1 a&#8230;","protected":false},"author":2,"featured_media":0,"parent":0,"menu_order":0,"comment_status":"closed","ping_status":"closed","template":"","meta":[],"acf":[],"_links":{"self":[{"href":"https:\/\/ayuntamientovallejuelo.gob.do\/transparencia\/wp-json\/wp\/v2\/pages\/522"}],"collection":[{"href":"https:\/\/ayuntamientovallejuelo.gob.do\/transparencia\/wp-json\/wp\/v2\/pages"}],"about":[{"href":"https:\/\/ayuntamientovallejuelo.gob.do\/transparencia\/wp-json\/wp\/v2\/types\/page"}],"author":[{"embeddable":true,"href":"https:\/\/ayuntamientovallejuelo.gob.do\/transparencia\/wp-json\/wp\/v2\/users\/2"}],"replies":[{"embeddable":true,"href":"https:\/\/ayuntamientovallejuelo.gob.do\/transparencia\/wp-json\/wp\/v2\/comments?post=522"}],"version-history":[{"count":1,"href":"https:\/\/ayuntamientovallejuelo.gob.do\/transparencia\/wp-json\/wp\/v2\/pages\/522\/revisions"}],"predecessor-version":[{"id":523,"href":"https:\/\/ayuntamientovallejuelo.gob.do\/transparencia\/wp-json\/wp\/v2\/pages\/522\/revisions\/523"}],"wp:attachment":[{"href":"https:\/\/ayuntamientovallejuelo.gob.do\/transparencia\/wp-json\/wp\/v2\/media?parent=522"}],"curies":[{"name":"wp","href":"https:\/\/api.w.org\/{rel}","templated":true}]}}