{"id":56,"date":"2017-12-12T10:55:12","date_gmt":"2017-12-12T14:55:12","guid":{"rendered":"http:\/\/ayuntamiento.guineo\/transparencia\/?page_id=56"},"modified":"2021-07-14T08:25:57","modified_gmt":"2021-07-14T12:25:57","slug":"derechos-de-los-ciudadanos","status":"publish","type":"page","link":"https:\/\/ayuntamientovallejuelo.gob.do\/transparencia\/derechos-de-los-ciudadanos\/","title":{"rendered":"Derechos de los Ciudadanos"},"content":{"rendered":"<p><a href=\"http:\/\/ayuntamientovallejuelo.gob.do\/transparencia\/wp-content\/uploads\/2021\/07\/GUIA-GESTION-MUNICIPAL.pdf\">GUIA-GESTION-MUNICIPAL<\/a><\/p>\n<p>&nbsp;<\/p>\n<p><img loading=\"lazy\" width=\"600\" height=\"400\" class=\"alignnone size-full wp-image-467\" src=\"http:\/\/ayuntamientovallejuelo.gob.do\/transparencia\/wp-content\/uploads\/2021\/07\/derechos-deberes-w.jpg\" alt=\"\" srcset=\"https:\/\/ayuntamientovallejuelo.gob.do\/transparencia\/wp-content\/uploads\/2021\/07\/derechos-deberes-w.jpg 600w, https:\/\/ayuntamientovallejuelo.gob.do\/transparencia\/wp-content\/uploads\/2021\/07\/derechos-deberes-w-250x167.jpg 250w, https:\/\/ayuntamientovallejuelo.gob.do\/transparencia\/wp-content\/uploads\/2021\/07\/derechos-deberes-w-120x80.jpg 120w\" sizes=\"(max-width: 600px) 100vw, 600px\" \/><\/p>\n<p><strong>Los derechos y deberes del y de la mun\u00edcipe son:<\/strong><\/p>\n<p>1\u00ba. Elegir y ser elegible de acuerdo a lo dispuesto en la Constituci\u00f3n, la Ley Electoral y esta ley.<\/p>\n<p>2\u00ba. Hacer uso de los servicios p\u00fablicos municipales en las condiciones establecidas en las ordenanzas y reglamentos municipales.<\/p>\n<p>3\u00ba. Exigir que las competencias propias, coordinadas y\/o delegadas sean prestadas con eficiencia, eficacia y transparencia ante el ayuntamiento, las instancias de lo contencioso administrativo, instancias de control interno y externo de la administraci\u00f3n p\u00fablica.<\/p>\n<p>4\u00ba. Participar en la gesti\u00f3n municipal de acuerdo con lo dispuesto en las leyes y reglamentos.<\/p>\n<p>5\u00ba. Consultar los archivos y registros de los ayuntamientos, as\u00ed como obtener copias y certificaciones de los documentos de dominio p\u00fablico municipal, conforme lo establecido en la Ley de Libre Acceso a la Informaci\u00f3n P\u00fablica.<\/p>\n<p>6\u00ba. Desarrollar y formar asociaciones destinadas a la defensa de los intereses colectivos de \u00e1mbito comunitario.<\/p>\n<p>7\u00ba. Reclamar ante los \u00f3rganos de gobierno municipal contra los actos u omisiones de \u00e9stos que les perjudiquen individual o colectiva mente.-10-<\/p>\n<p>8\u00ba. Cumplir con las ordenanzas y disposiciones municipales, con sus obligaciones tributarias y denunciar los hechos y actos que lesionen el patrimonio municipal.<\/p>\n<p>9\u00ba. Todos aquellos otros derechos y deberes previstos en la Constituci\u00f3n y las leyes.<\/p>\n","protected":false},"excerpt":{"rendered":"GUIA-GESTION-MUNICIPAL &nbsp; Los derechos y deberes del y de la mun\u00edcipe son: 1\u00ba. Elegir y ser elegible de acuerdo a lo dispuesto en la Constituci\u00f3n, la Ley Electoral y esta ley. 2\u00ba. Hacer uso de los servicios p\u00fablicos municipales en las condiciones establecidas en las ordenanzas y reglamentos municipales. 3\u00ba. Exigir que las competencias propias,&#8230;","protected":false},"author":3,"featured_media":0,"parent":0,"menu_order":0,"comment_status":"closed","ping_status":"closed","template":"","meta":[],"acf":[],"_links":{"self":[{"href":"https:\/\/ayuntamientovallejuelo.gob.do\/transparencia\/wp-json\/wp\/v2\/pages\/56"}],"collection":[{"href":"https:\/\/ayuntamientovallejuelo.gob.do\/transparencia\/wp-json\/wp\/v2\/pages"}],"about":[{"href":"https:\/\/ayuntamientovallejuelo.gob.do\/transparencia\/wp-json\/wp\/v2\/types\/page"}],"author":[{"embeddable":true,"href":"https:\/\/ayuntamientovallejuelo.gob.do\/transparencia\/wp-json\/wp\/v2\/users\/3"}],"replies":[{"embeddable":true,"href":"https:\/\/ayuntamientovallejuelo.gob.do\/transparencia\/wp-json\/wp\/v2\/comments?post=56"}],"version-history":[{"count":2,"href":"https:\/\/ayuntamientovallejuelo.gob.do\/transparencia\/wp-json\/wp\/v2\/pages\/56\/revisions"}],"predecessor-version":[{"id":471,"href":"https:\/\/ayuntamientovallejuelo.gob.do\/transparencia\/wp-json\/wp\/v2\/pages\/56\/revisions\/471"}],"wp:attachment":[{"href":"https:\/\/ayuntamientovallejuelo.gob.do\/transparencia\/wp-json\/wp\/v2\/media?parent=56"}],"curies":[{"name":"wp","href":"https:\/\/api.w.org\/{rel}","templated":true}]}}