{"id":78,"date":"2025-02-19T11:24:00","date_gmt":"2025-02-19T15:24:00","guid":{"rendered":"http:\/\/ayuntamiento.guineo\/transparencia\/?page_id=78"},"modified":"2025-02-19T10:52:29","modified_gmt":"2025-02-19T14:52:29","slug":"definicion-oaim-oficina-de-acceso-a-la-informacion-municipal","status":"publish","type":"page","link":"https:\/\/ayuntamientovallejuelo.gob.do\/transparencia\/definicion-oaim-oficina-de-acceso-a-la-informacion-municipal\/","title":{"rendered":"Definici\u00f3n OAIM (Oficina de Acceso a la Informaci\u00f3n Municipal)"},"content":{"rendered":"<p>La Oficina de Acceso a la Informaci\u00f3n (OAI), es un mandato de la Ley General de Libre Acceso a la Informaci\u00f3n P\u00fablica Ley 200-04 y el Decreto No. 130-05 que crea el reglamento de dicha ley, con el objetivo de apoyar a entidades y personas tanto p\u00fablicas como privadas mediante las informaciones solicitadas.<\/p>\n<p><strong>Misi\u00f3n<\/strong><\/p>\n<p>Garantizar el acceso de los usuarios a la informaci\u00f3n sobre la gesti\u00f3n\u00a0 una forma de validar la transparencia de la instituci\u00f3n y acercar el ayuntamiento a la poblaci\u00f3n con altos principios de transparencia.<\/p>\n<p><strong>Definici\u00f3n RAI<\/strong><\/p>\n<p>El representante de Acceso a la Informaci\u00f3n, es el responsable de tramitar y facilitar las informaciones requeridas y de ser el canal de comunicaci\u00f3n entre la instituci\u00f3n, ciudadanos y ciudadanas.<\/p>\n<p><strong>Procedimientos a seguir<\/strong><\/p>\n<ul>\n<li>Completar el formulario de solicitud de informaci\u00f3n.<\/li>\n<li>Se procede a la revisi\u00f3n de dicho documento con la finalidad de verificar que est\u00e1 debidamente completada(o).<\/li>\n<li>Se hace entrega de acuse de recibo al solicitante.<\/li>\n<li>Seg\u00fan la complejidad de la informaci\u00f3n, se asigna una fecha de entrega. En caso de no ser el Ayuntamiento de Vallejuelo la entidad competente para ofrecer la informaci\u00f3n requerida, dicha solicitud se refiere a la instituci\u00f3n correspondiente y se le informa al solicitante, el curso que ha tomado su solicitud y la instituci\u00f3n destinataria.<\/li>\n<li>Seguimiento de la(s) solicitud(es) hasta confirmar que se ha suministrado la informaci\u00f3n.<\/li>\n<\/ul>\n<p><strong>A qui\u00e9n va dirigido<\/strong><\/p>\n<p>A todos\/as\u00a0 los ciudadanos solicitantes en los formatos establecido en la OAIM<\/p>\n<p>Servicio ofrecido por el departamento de\u00a0<em>Oficina de Libre Acceso a la Informaci\u00f3n<\/em><\/p>\n<h3><strong>Contacto Responsable de Acceso a la Informaci\u00f3n<\/strong><\/h3>\n<p><em>ANYELINA MATEO MATEO- anyelinamate92@gmail.com<\/em><\/p>\n<p><strong>Responsable de Acceso a la Informaci\u00f3n (RAI)<\/strong><\/p>\n<p>Tel.: 8293362536| Correo: oia@ayuntamientovallejuelo.gob.do<\/p>\n<div class=\"container\">\n<div class=\"row\">\n<div class=\"col-lg-8 col-md-8 col-xs-12\">\n<section>\n<article id=\"post-78\" class=\"post-78 page type-page status-publish hentry\">\n<h4>Direcci\u00f3n: Calle Enriquillo No. 06, Vallejuelo, Provincia San Juan<\/h4>\n<\/article>\n<\/section>\n<\/div>\n<\/div>\n<\/div>\n<div class=\"container\">\n<div class=\"btn-interes\">\n<div class=\"widget-w\">\n<div id=\"wk-grid2cc\" class=\"uk-grid-width-1-3 uk-grid-width-medium-1-6 uk-grid-width-large-1-6 uk-grid-width-xlarge-1-6 uk-grid uk-grid-match uk-text-left \" style=\"margin: 0px 0px 0px -35px;padding: 0px;text-align: left !important\">\n<div class=\"uk-row-first\">\n<div class=\"uk-panel\"><\/div>\n<\/div>\n<\/div>\n<\/div>\n<\/div>\n<\/div>\n","protected":false},"excerpt":{"rendered":"La Oficina de Acceso a la Informaci\u00f3n (OAI), es un mandato de la Ley General de Libre Acceso a la Informaci\u00f3n P\u00fablica Ley 200-04 y el Decreto No. 130-05 que crea el reglamento de dicha ley, con el objetivo de apoyar a entidades y personas tanto p\u00fablicas como privadas mediante las informaciones solicitadas. Misi\u00f3n Garantizar&#8230;","protected":false},"author":3,"featured_media":0,"parent":0,"menu_order":0,"comment_status":"closed","ping_status":"closed","template":"","meta":[],"acf":[],"_links":{"self":[{"href":"https:\/\/ayuntamientovallejuelo.gob.do\/transparencia\/wp-json\/wp\/v2\/pages\/78"}],"collection":[{"href":"https:\/\/ayuntamientovallejuelo.gob.do\/transparencia\/wp-json\/wp\/v2\/pages"}],"about":[{"href":"https:\/\/ayuntamientovallejuelo.gob.do\/transparencia\/wp-json\/wp\/v2\/types\/page"}],"author":[{"embeddable":true,"href":"https:\/\/ayuntamientovallejuelo.gob.do\/transparencia\/wp-json\/wp\/v2\/users\/3"}],"replies":[{"embeddable":true,"href":"https:\/\/ayuntamientovallejuelo.gob.do\/transparencia\/wp-json\/wp\/v2\/comments?post=78"}],"version-history":[{"count":6,"href":"https:\/\/ayuntamientovallejuelo.gob.do\/transparencia\/wp-json\/wp\/v2\/pages\/78\/revisions"}],"predecessor-version":[{"id":3038,"href":"https:\/\/ayuntamientovallejuelo.gob.do\/transparencia\/wp-json\/wp\/v2\/pages\/78\/revisions\/3038"}],"wp:attachment":[{"href":"https:\/\/ayuntamientovallejuelo.gob.do\/transparencia\/wp-json\/wp\/v2\/media?parent=78"}],"curies":[{"name":"wp","href":"https:\/\/api.w.org\/{rel}","templated":true}]}}